{"id":1817,"date":"2017-02-15T10:56:24","date_gmt":"2017-02-15T10:56:24","guid":{"rendered":"http:\/\/gunneboslott.se\/en\/?page_id=1817"},"modified":"2017-02-15T10:56:24","modified_gmt":"2017-02-15T10:56:24","slug":"history","status":"publish","type":"page","link":"https:\/\/gunnebo.dev.qualitythink.se\/en\/history\/","title":{"rendered":"HISTORY"},"content":{"rendered":"","protected":false},"excerpt":{"rendered":"","protected":false},"author":1,"featured_media":1361,"parent":0,"menu_order":4,"comment_status":"closed","ping_status":"closed","template":"","meta":{"footnotes":""},"acf":[],"yoast_head":"<!-- This site is optimized with the Yoast SEO Premium plugin v21.5 (Yoast SEO v21.5) - https:\/\/yoast.com\/wordpress\/plugins\/seo\/ -->\n<title>HISTORY - GUNNEBO SLOTT OCH TR\u00c4DG\u00c5RDAR<\/title>\n<meta name=\"robots\" content=\"index, follow, max-snippet:-1, max-image-preview:large, max-video-preview:-1\" \/>\n<link rel=\"canonical\" href=\"https:\/\/gunnebo.dev.qualitythink.se\/en\/history\/\" \/>\n<meta property=\"og:locale\" content=\"en_US\" \/>\n<meta property=\"og:type\" content=\"article\" \/>\n<meta property=\"og:title\" content=\"HISTORY\" \/>\n<meta property=\"og:url\" content=\"https:\/\/gunnebo.dev.qualitythink.se\/en\/history\/\" \/>\n<meta property=\"og:site_name\" content=\"GUNNEBO SLOTT OCH TR\u00c4DG\u00c5RDAR\" \/>\n<meta property=\"article:publisher\" content=\"https:\/\/www.facebook.com\/gunneboslott\/\" \/>\n<meta property=\"og:image\" content=\"https:\/\/gunnebo.dev.qualitythink.se\/wp-content\/uploads\/2016\/04\/167-XL-e1593078461643.jpg\" \/>\n\t<meta property=\"og:image:width\" content=\"2686\" \/>\n\t<meta property=\"og:image:height\" content=\"2004\" \/>\n\t<meta property=\"og:image:type\" content=\"image\/jpeg\" \/>\n<meta name=\"twitter:card\" content=\"summary_large_image\" \/>\n<script type=\"application\/ld+json\" class=\"yoast-schema-graph\">{\"@context\":\"https:\/\/schema.org\",\"@graph\":[{\"@type\":\"WebPage\",\"@id\":\"https:\/\/gunnebo.dev.qualitythink.se\/en\/history\/\",\"url\":\"https:\/\/gunnebo.dev.qualitythink.se\/en\/history\/\",\"name\":\"HISTORY - GUNNEBO SLOTT OCH TR\u00c4DG\u00c5RDAR\",\"isPartOf\":{\"@id\":\"https:\/\/gunnebo.dev.qualitythink.se\/#website\"},\"datePublished\":\"2017-02-15T10:56:24+00:00\",\"dateModified\":\"2017-02-15T10:56:24+00:00\",\"breadcrumb\":{\"@id\":\"https:\/\/gunnebo.dev.qualitythink.se\/en\/history\/#breadcrumb\"},\"inLanguage\":\"en-US\",\"potentialAction\":[{\"@type\":\"ReadAction\",\"target\":[\"https:\/\/gunnebo.dev.qualitythink.se\/en\/history\/\"]}]},{\"@type\":\"BreadcrumbList\",\"@id\":\"https:\/\/gunnebo.dev.qualitythink.se\/en\/history\/#breadcrumb\",\"itemListElement\":[{\"@type\":\"ListItem\",\"position\":1,\"name\":\"Home\",\"item\":\"https:\/\/gunnebo.dev.qualitythink.se\/en\/\"},{\"@type\":\"ListItem\",\"position\":2,\"name\":\"HISTORY\"}]},{\"@type\":\"WebSite\",\"@id\":\"https:\/\/gunnebo.dev.qualitythink.se\/#website\",\"url\":\"https:\/\/gunnebo.dev.qualitythink.se\/\",\"name\":\"GUNNEBO SLOTT OCH TR\u00c4DG\u00c5RDAR\",\"description\":\"Slott och restaurang strax utanf\u00f6r G\u00f6teborg\",\"publisher\":{\"@id\":\"https:\/\/gunnebo.dev.qualitythink.se\/#organization\"},\"potentialAction\":[{\"@type\":\"SearchAction\",\"target\":{\"@type\":\"EntryPoint\",\"urlTemplate\":\"https:\/\/gunnebo.dev.qualitythink.se\/?s={search_term_string}\"},\"query-input\":\"required name=search_term_string\"}],\"inLanguage\":\"en-US\"},{\"@type\":\"Organization\",\"@id\":\"https:\/\/gunnebo.dev.qualitythink.se\/#organization\",\"name\":\"Gunnebo Slott och Tr\u00e4dg\u00e5rdar\",\"url\":\"https:\/\/gunnebo.dev.qualitythink.se\/\",\"logo\":{\"@type\":\"ImageObject\",\"inLanguage\":\"en-US\",\"@id\":\"https:\/\/gunnebo.dev.qualitythink.se\/#\/schema\/logo\/image\/\",\"url\":\"https:\/\/gunneboslott.se\/wp-content\/uploads\/2019\/09\/Ljusare-1024x683.png\",\"contentUrl\":\"https:\/\/gunneboslott.se\/wp-content\/uploads\/2019\/09\/Ljusare-1024x683.png\",\"width\":1024,\"height\":683,\"caption\":\"Gunnebo Slott och Tr\u00e4dg\u00e5rdar\"},\"image\":{\"@id\":\"https:\/\/gunnebo.dev.qualitythink.se\/#\/schema\/logo\/image\/\"},\"sameAs\":[\"https:\/\/www.facebook.com\/gunneboslott\/\",\"https:\/\/www.instagram.com\/gunneboslott\/\",\"https:\/\/www.youtube.com\/channel\/UC0EoR6EgSlU9nzDlXVFcR8A\/videos\",\"https:\/\/sv.wikipedia.org\/wiki\/Gunnebo_slott\"]}]}<\/script>\n<!-- \/ Yoast SEO Premium plugin. -->","yoast_head_json":{"title":"HISTORY - GUNNEBO SLOTT OCH TR\u00c4DG\u00c5RDAR","robots":{"index":"index","follow":"follow","max-snippet":"max-snippet:-1","max-image-preview":"max-image-preview:large","max-video-preview":"max-video-preview:-1"},"canonical":"https:\/\/gunnebo.dev.qualitythink.se\/en\/history\/","og_locale":"en_US","og_type":"article","og_title":"HISTORY","og_url":"https:\/\/gunnebo.dev.qualitythink.se\/en\/history\/","og_site_name":"GUNNEBO SLOTT OCH TR\u00c4DG\u00c5RDAR","article_publisher":"https:\/\/www.facebook.com\/gunneboslott\/","og_image":[{"width":2686,"height":2004,"url":"https:\/\/gunnebo.dev.qualitythink.se\/wp-content\/uploads\/2016\/04\/167-XL-e1593078461643.jpg","type":"image\/jpeg"}],"twitter_card":"summary_large_image","schema":{"@context":"https:\/\/schema.org","@graph":[{"@type":"WebPage","@id":"https:\/\/gunnebo.dev.qualitythink.se\/en\/history\/","url":"https:\/\/gunnebo.dev.qualitythink.se\/en\/history\/","name":"HISTORY - GUNNEBO SLOTT OCH TR\u00c4DG\u00c5RDAR","isPartOf":{"@id":"https:\/\/gunnebo.dev.qualitythink.se\/#website"},"datePublished":"2017-02-15T10:56:24+00:00","dateModified":"2017-02-15T10:56:24+00:00","breadcrumb":{"@id":"https:\/\/gunnebo.dev.qualitythink.se\/en\/history\/#breadcrumb"},"inLanguage":"en-US","potentialAction":[{"@type":"ReadAction","target":["https:\/\/gunnebo.dev.qualitythink.se\/en\/history\/"]}]},{"@type":"BreadcrumbList","@id":"https:\/\/gunnebo.dev.qualitythink.se\/en\/history\/#breadcrumb","itemListElement":[{"@type":"ListItem","position":1,"name":"Home","item":"https:\/\/gunnebo.dev.qualitythink.se\/en\/"},{"@type":"ListItem","position":2,"name":"HISTORY"}]},{"@type":"WebSite","@id":"https:\/\/gunnebo.dev.qualitythink.se\/#website","url":"https:\/\/gunnebo.dev.qualitythink.se\/","name":"GUNNEBO SLOTT OCH TR\u00c4DG\u00c5RDAR","description":"Slott och restaurang strax utanf\u00f6r G\u00f6teborg","publisher":{"@id":"https:\/\/gunnebo.dev.qualitythink.se\/#organization"},"potentialAction":[{"@type":"SearchAction","target":{"@type":"EntryPoint","urlTemplate":"https:\/\/gunnebo.dev.qualitythink.se\/?s={search_term_string}"},"query-input":"required name=search_term_string"}],"inLanguage":"en-US"},{"@type":"Organization","@id":"https:\/\/gunnebo.dev.qualitythink.se\/#organization","name":"Gunnebo Slott och Tr\u00e4dg\u00e5rdar","url":"https:\/\/gunnebo.dev.qualitythink.se\/","logo":{"@type":"ImageObject","inLanguage":"en-US","@id":"https:\/\/gunnebo.dev.qualitythink.se\/#\/schema\/logo\/image\/","url":"https:\/\/gunneboslott.se\/wp-content\/uploads\/2019\/09\/Ljusare-1024x683.png","contentUrl":"https:\/\/gunneboslott.se\/wp-content\/uploads\/2019\/09\/Ljusare-1024x683.png","width":1024,"height":683,"caption":"Gunnebo Slott och Tr\u00e4dg\u00e5rdar"},"image":{"@id":"https:\/\/gunnebo.dev.qualitythink.se\/#\/schema\/logo\/image\/"},"sameAs":["https:\/\/www.facebook.com\/gunneboslott\/","https:\/\/www.instagram.com\/gunneboslott\/","https:\/\/www.youtube.com\/channel\/UC0EoR6EgSlU9nzDlXVFcR8A\/videos","https:\/\/sv.wikipedia.org\/wiki\/Gunnebo_slott"]}]}},"_links":{"self":[{"href":"https:\/\/gunnebo.dev.qualitythink.se\/en\/wp-json\/wp\/v2\/pages\/1817"}],"collection":[{"href":"https:\/\/gunnebo.dev.qualitythink.se\/en\/wp-json\/wp\/v2\/pages"}],"about":[{"href":"https:\/\/gunnebo.dev.qualitythink.se\/en\/wp-json\/wp\/v2\/types\/page"}],"author":[{"embeddable":true,"href":"https:\/\/gunnebo.dev.qualitythink.se\/en\/wp-json\/wp\/v2\/users\/1"}],"replies":[{"embeddable":true,"href":"https:\/\/gunnebo.dev.qualitythink.se\/en\/wp-json\/wp\/v2\/comments?post=1817"}],"version-history":[{"count":0,"href":"https:\/\/gunnebo.dev.qualitythink.se\/en\/wp-json\/wp\/v2\/pages\/1817\/revisions"}],"wp:featuredmedia":[{"embeddable":true,"href":"https:\/\/gunnebo.dev.qualitythink.se\/en\/wp-json\/wp\/v2\/media\/1361"}],"wp:attachment":[{"href":"https:\/\/gunnebo.dev.qualitythink.se\/en\/wp-json\/wp\/v2\/media?parent=1817"}],"curies":[{"name":"wp","href":"https:\/\/api.w.org\/{rel}","templated":true}]}}